{"id":6341,"date":"2017-03-29T08:27:36","date_gmt":"2017-03-29T06:27:36","guid":{"rendered":"https:\/\/serhsfood.com\/nova-cuina-dalt-rendiment-car\/?lang=fr"},"modified":"2025-05-28T11:50:50","modified_gmt":"2025-05-28T09:50:50","slug":"nova-cuina-dalt-rendiment-car","status":"publish","type":"page","link":"https:\/\/serhsfood.com\/fr\/nova-cuina-dalt-rendiment-car\/","title":{"rendered":"Nova cuina d&rsquo;alt rendiment (CAR)"},"content":{"rendered":"","protected":false},"excerpt":{"rendered":"","protected":false},"author":4,"featured_media":0,"parent":0,"menu_order":9,"comment_status":"closed","ping_status":"closed","template":"","meta":{"footnotes":""},"class_list":["post-6341","page","type-page","status-publish","hentry"],"yoast_head":"<!-- This site is optimized with the Yoast SEO plugin v25.6 - https:\/\/yoast.com\/wordpress\/plugins\/seo\/ -->\n<title>Nova cuina d&#039;alt rendiment (CAR) | Serhs Food<\/title>\n<meta name=\"description\" content=\"D\u00e9couvrez la CAR, la nouvelle cuisine haute performance de 2 500 m\u00b2 \u00e9quip\u00e9e des derni\u00e8res technologies. Flexibilit\u00e9 et s\u00e9curit\u00e9 alimentaire\" \/>\n<meta name=\"robots\" content=\"index, follow, max-snippet:-1, max-image-preview:large, max-video-preview:-1\" \/>\n<link rel=\"canonical\" href=\"https:\/\/serhsfood.com\/nova-cuina-dalt-rendiment-car\/\" \/>\n<meta property=\"og:locale\" content=\"fr_FR\" \/>\n<meta property=\"og:type\" content=\"article\" \/>\n<meta property=\"og:title\" content=\"Nova cuina d&#039;alt rendiment (CAR) | Serhs Food\" \/>\n<meta property=\"og:description\" content=\"D\u00e9couvrez la CAR, la nouvelle cuisine haute performance de 2 500 m\u00b2 \u00e9quip\u00e9e des derni\u00e8res technologies. Flexibilit\u00e9 et s\u00e9curit\u00e9 alimentaire\" \/>\n<meta property=\"og:url\" content=\"https:\/\/serhsfood.com\/nova-cuina-dalt-rendiment-car\/\" \/>\n<meta property=\"og:site_name\" content=\"Serhs Food\" \/>\n<meta property=\"article:modified_time\" content=\"2025-05-28T09:50:50+00:00\" \/>\n<meta name=\"twitter:card\" content=\"summary_large_image\" \/>\n<script type=\"application\/ld+json\" class=\"yoast-schema-graph\">{\"@context\":\"https:\/\/schema.org\",\"@graph\":[{\"@type\":\"WebPage\",\"@id\":\"https:\/\/serhsfood.com\/nova-cuina-dalt-rendiment-car\/\",\"url\":\"https:\/\/serhsfood.com\/nova-cuina-dalt-rendiment-car\/\",\"name\":\"Nova cuina d'alt rendiment (CAR) | Serhs Food\",\"isPartOf\":{\"@id\":\"https:\/\/serhsfood.com\/#website\"},\"datePublished\":\"2017-03-29T06:27:36+00:00\",\"dateModified\":\"2025-05-28T09:50:50+00:00\",\"description\":\"D\u00e9couvrez la CAR, la nouvelle cuisine haute performance de 2 500 m\u00b2 \u00e9quip\u00e9e des derni\u00e8res technologies. Flexibilit\u00e9 et s\u00e9curit\u00e9 alimentaire\",\"breadcrumb\":{\"@id\":\"https:\/\/serhsfood.com\/nova-cuina-dalt-rendiment-car\/#breadcrumb\"},\"inLanguage\":\"fr-FR\",\"potentialAction\":[{\"@type\":\"ReadAction\",\"target\":[\"https:\/\/serhsfood.com\/nova-cuina-dalt-rendiment-car\/\"]}]},{\"@type\":\"BreadcrumbList\",\"@id\":\"https:\/\/serhsfood.com\/nova-cuina-dalt-rendiment-car\/#breadcrumb\",\"itemListElement\":[{\"@type\":\"ListItem\",\"position\":1,\"name\":\"Inici\",\"item\":\"https:\/\/serhsfood.com\/\"},{\"@type\":\"ListItem\",\"position\":2,\"name\":\"Nova cuina d&#8217;alt rendiment (CAR)\"}]},{\"@type\":\"WebSite\",\"@id\":\"https:\/\/serhsfood.com\/#website\",\"url\":\"https:\/\/serhsfood.com\/\",\"name\":\"Serhs Food\",\"description\":\"Alimentaci\u00f3\",\"potentialAction\":[{\"@type\":\"SearchAction\",\"target\":{\"@type\":\"EntryPoint\",\"urlTemplate\":\"https:\/\/serhsfood.com\/?s={search_term_string}\"},\"query-input\":{\"@type\":\"PropertyValueSpecification\",\"valueRequired\":true,\"valueName\":\"search_term_string\"}}],\"inLanguage\":\"fr-FR\"}]}<\/script>\n<!-- \/ Yoast SEO plugin. -->","yoast_head_json":{"title":"Nova cuina d'alt rendiment (CAR) | Serhs Food","description":"D\u00e9couvrez la CAR, la nouvelle cuisine haute performance de 2 500 m\u00b2 \u00e9quip\u00e9e des derni\u00e8res technologies. Flexibilit\u00e9 et s\u00e9curit\u00e9 alimentaire","robots":{"index":"index","follow":"follow","max-snippet":"max-snippet:-1","max-image-preview":"max-image-preview:large","max-video-preview":"max-video-preview:-1"},"canonical":"https:\/\/serhsfood.com\/nova-cuina-dalt-rendiment-car\/","og_locale":"fr_FR","og_type":"article","og_title":"Nova cuina d'alt rendiment (CAR) | Serhs Food","og_description":"D\u00e9couvrez la CAR, la nouvelle cuisine haute performance de 2 500 m\u00b2 \u00e9quip\u00e9e des derni\u00e8res technologies. Flexibilit\u00e9 et s\u00e9curit\u00e9 alimentaire","og_url":"https:\/\/serhsfood.com\/nova-cuina-dalt-rendiment-car\/","og_site_name":"Serhs Food","article_modified_time":"2025-05-28T09:50:50+00:00","twitter_card":"summary_large_image","schema":{"@context":"https:\/\/schema.org","@graph":[{"@type":"WebPage","@id":"https:\/\/serhsfood.com\/nova-cuina-dalt-rendiment-car\/","url":"https:\/\/serhsfood.com\/nova-cuina-dalt-rendiment-car\/","name":"Nova cuina d'alt rendiment (CAR) | Serhs Food","isPartOf":{"@id":"https:\/\/serhsfood.com\/#website"},"datePublished":"2017-03-29T06:27:36+00:00","dateModified":"2025-05-28T09:50:50+00:00","description":"D\u00e9couvrez la CAR, la nouvelle cuisine haute performance de 2 500 m\u00b2 \u00e9quip\u00e9e des derni\u00e8res technologies. Flexibilit\u00e9 et s\u00e9curit\u00e9 alimentaire","breadcrumb":{"@id":"https:\/\/serhsfood.com\/nova-cuina-dalt-rendiment-car\/#breadcrumb"},"inLanguage":"fr-FR","potentialAction":[{"@type":"ReadAction","target":["https:\/\/serhsfood.com\/nova-cuina-dalt-rendiment-car\/"]}]},{"@type":"BreadcrumbList","@id":"https:\/\/serhsfood.com\/nova-cuina-dalt-rendiment-car\/#breadcrumb","itemListElement":[{"@type":"ListItem","position":1,"name":"Inici","item":"https:\/\/serhsfood.com\/"},{"@type":"ListItem","position":2,"name":"Nova cuina d&#8217;alt rendiment (CAR)"}]},{"@type":"WebSite","@id":"https:\/\/serhsfood.com\/#website","url":"https:\/\/serhsfood.com\/","name":"Serhs Food","description":"Alimentaci\u00f3","potentialAction":[{"@type":"SearchAction","target":{"@type":"EntryPoint","urlTemplate":"https:\/\/serhsfood.com\/?s={search_term_string}"},"query-input":{"@type":"PropertyValueSpecification","valueRequired":true,"valueName":"search_term_string"}}],"inLanguage":"fr-FR"}]}},"_links":{"self":[{"href":"https:\/\/serhsfood.com\/fr\/wp-json\/wp\/v2\/pages\/6341","targetHints":{"allow":["GET"]}}],"collection":[{"href":"https:\/\/serhsfood.com\/fr\/wp-json\/wp\/v2\/pages"}],"about":[{"href":"https:\/\/serhsfood.com\/fr\/wp-json\/wp\/v2\/types\/page"}],"author":[{"embeddable":true,"href":"https:\/\/serhsfood.com\/fr\/wp-json\/wp\/v2\/users\/4"}],"replies":[{"embeddable":true,"href":"https:\/\/serhsfood.com\/fr\/wp-json\/wp\/v2\/comments?post=6341"}],"version-history":[{"count":5,"href":"https:\/\/serhsfood.com\/fr\/wp-json\/wp\/v2\/pages\/6341\/revisions"}],"predecessor-version":[{"id":15294,"href":"https:\/\/serhsfood.com\/fr\/wp-json\/wp\/v2\/pages\/6341\/revisions\/15294"}],"wp:attachment":[{"href":"https:\/\/serhsfood.com\/fr\/wp-json\/wp\/v2\/media?parent=6341"}],"curies":[{"name":"wp","href":"https:\/\/api.w.org\/{rel}","templated":true}]}}